{"id":2,"date":"2015-04-08T11:50:52","date_gmt":"2015-04-08T09:50:52","guid":{"rendered":"http:\/\/teakwondo.thbmedia.eu\/\/?page_id=2"},"modified":"2024-10-28T17:23:44","modified_gmt":"2024-10-28T16:23:44","slug":"beispiel-seite","status":"publish","type":"page","link":"https:\/\/www.taekwondo-rhoen.de\/","title":{"rendered":"Wir \u00fcber uns"},"content":{"rendered":"<div id=\"metaslider-id-6\" style=\"width: 100%; margin: 0 auto;\" class=\"ml-slider-3-92-0 metaslider metaslider-flex metaslider-6 ml-slider ms-theme-default\" role=\"region\" aria-roledescription=\"Slideshow\" aria-label=\"Diashow_Headerline\">\n    <div id=\"metaslider_container_6\">\n        <div id=\"metaslider_6\">\n            <ul class='slides'>\n                <li style=\"display: block; width: 100%;\" class=\"slide-923 ms-image \" aria-roledescription=\"slide\" aria-label=\"slide-923\"><img loading=\"lazy\" decoding=\"async\" src=\"https:\/\/www.taekwondo-rhoen.de\/wp-content\/uploads\/2024\/10\/02_Training_Kinder-1600x445.jpg\" height=\"445\" width=\"1600\" alt=\"\" class=\"slider-6 slide-923\" title=\"02_Training_Kinder\" \/><\/li>\n                <li style=\"display: none; width: 100%;\" class=\"slide-925 ms-image \" aria-roledescription=\"slide\" aria-label=\"slide-925\"><img loading=\"lazy\" decoding=\"async\" src=\"https:\/\/www.taekwondo-rhoen.de\/wp-content\/uploads\/2024\/07\/Apchagi_gesprungen-1600x445.jpg\" height=\"445\" width=\"1600\" alt=\"\" class=\"slider-6 slide-925\" title=\"Apchagi_gesprungen\" \/><\/li>\n                <li style=\"display: none; width: 100%;\" class=\"slide-920 ms-image \" aria-roledescription=\"slide\" aria-label=\"slide-920\"><img loading=\"lazy\" decoding=\"async\" src=\"https:\/\/www.taekwondo-rhoen.de\/wp-content\/uploads\/2024\/10\/03_Bruchtest-scaled-1600x445.jpeg\" height=\"445\" width=\"1600\" alt=\"\" class=\"slider-6 slide-920\" title=\"03_Bruchtest\" \/><\/li>\n                <li style=\"display: none; width: 100%;\" class=\"slide-921 ms-image \" aria-roledescription=\"slide\" aria-label=\"slide-921\"><img loading=\"lazy\" decoding=\"async\" src=\"https:\/\/www.taekwondo-rhoen.de\/wp-content\/uploads\/2024\/10\/04_Pruefung-scaled-1600x445.jpg\" height=\"445\" width=\"1600\" alt=\"\" class=\"slider-6 slide-921\" title=\"04_Pr\u00fcfung\" \/><\/li>\n                <li style=\"display: none; width: 100%;\" class=\"slide-909 ms-image \" aria-roledescription=\"slide\" aria-label=\"slide-909\"><img loading=\"lazy\" decoding=\"async\" src=\"https:\/\/www.taekwondo-rhoen.de\/wp-content\/uploads\/2024\/07\/Dolyo_chagi-1600x445.jpg\" height=\"445\" width=\"1600\" alt=\"\" class=\"slider-6 slide-909\" title=\"Dolyo_chagi\" \/><\/li>\n                <li style=\"display: none; width: 100%;\" class=\"slide-922 ms-image \" aria-roledescription=\"slide\" aria-label=\"slide-922\"><img loading=\"lazy\" decoding=\"async\" src=\"https:\/\/www.taekwondo-rhoen.de\/wp-content\/uploads\/2024\/10\/01_Training_Erwachsene-1600x445.jpg\" height=\"445\" width=\"1600\" alt=\"\" class=\"slider-6 slide-922\" title=\"01_Training_Erwachsene\" \/><\/li>\n            <\/ul>\n        <\/div>\n        \n    <\/div>\n<\/div>\n<p><strong>HERZLICH WILLKOMMEN<br \/>\n<\/strong><br \/>\nbeim Taekwondo Verein Rh\u00f6n-Grabfeld. Der Verein wurde 1989 gegr\u00fcndet und im September 1997 wurde die moderne Trainingshalle in Stockheim bezogen. Seither trainieren unsere Mitglieder in verschiedenen Altersgruppen zu unterschiedlichen Trainingszeiten an 3 Tagen in der Woche in unserer liebevoll eingerichteten Halle.<\/p>\n<p>Vier Trainer lehren mit viel Freude und Leidenschaft die vielseitige Sportart in den unterschiedlichen Disziplinen. Kraftraum, Sauna und Gemeinschaftsraum stehen den Mitgliedern als Ausgleich und Erg\u00e4nzung zum Training zur Verf\u00fcgung.<\/p>\n<p><strong>Taekwondo bedeutet Bewegung f\u00fcr K\u00f6rper und Geist.<\/strong><\/p>\n<p>Die Sportart vermittelt H\u00f6flichkeit, Respekt und Selbstdisziplin. Reaktion und Koordination, aber auch Geduld und Ausdauer werden gef\u00f6rdert. Ob, jung oder alt,<\/p>\n<p>Taekwondo beansprucht die mentalen ebenso wie die physischen Kr\u00e4fte und F\u00e4higkeiten\u00a0und f\u00f6rdert ihr harmonisches Zusammenspiel. Es ist eine lebenslange Herausforderung und Chance zugleich, k\u00f6rperliche Gesundheit und geistige St\u00e4rke zu erlangen. Taekwondo ist f\u00fcr jedes Alter, egal ob Frau oder Mann, geeignet und ist f\u00fcr viele Sportler ein idealer Ausgleich zum stressigen Alltag.<\/p>\n<blockquote><p>Ihr seid herzlichst eingeladen bei uns an einem kostenlosen Probetraining teilzunehmen,<\/p>\n<p>um einen ersten Eindruck von dieser Sportart zu gewinnen.<\/p>\n<p>Gerne beantworten wir auch eure Fragen.<\/p>\n<p>Nicole und Hyung Tae<\/p><\/blockquote>\n<blockquote><\/blockquote>\n<div id='gallery-1' class='gallery galleryid-2 gallery-columns-3 gallery-size-thumbnail'><figure class='gallery-item'>\n\t\t\t<div class='gallery-icon landscape'>\n\t\t\t\t<a href='https:\/\/www.taekwondo-rhoen.de\/?attachment_id=304'><img loading=\"lazy\" decoding=\"async\" width=\"150\" height=\"150\" src=\"https:\/\/www.taekwondo-rhoen.de\/wp-content\/uploads\/2017\/11\/2017_11_19_Training-150x150.jpg\" class=\"attachment-thumbnail size-thumbnail\" alt=\"\" \/><\/a>\n\t\t\t<\/div><\/figure><figure class='gallery-item'>\n\t\t\t<div class='gallery-icon landscape'>\n\t\t\t\t<a href='https:\/\/www.taekwondo-rhoen.de\/?attachment_id=387'><img loading=\"lazy\" decoding=\"async\" width=\"150\" height=\"150\" src=\"https:\/\/www.taekwondo-rhoen.de\/wp-content\/uploads\/2018\/12\/Slide1_neu-150x150.jpg\" class=\"attachment-thumbnail size-thumbnail\" alt=\"\" \/><\/a>\n\t\t\t<\/div><\/figure><figure class='gallery-item'>\n\t\t\t<div class='gallery-icon landscape'>\n\t\t\t\t<a href='https:\/\/www.taekwondo-rhoen.de\/?attachment_id=111'><img loading=\"lazy\" decoding=\"async\" width=\"150\" height=\"150\" src=\"https:\/\/www.taekwondo-rhoen.de\/wp-content\/uploads\/2015\/07\/IMG_2288-1-150x150.jpg\" class=\"attachment-thumbnail size-thumbnail\" alt=\"\" \/><\/a>\n\t\t\t<\/div><\/figure><figure class='gallery-item'>\n\t\t\t<div class='gallery-icon landscape'>\n\t\t\t\t<a href='https:\/\/www.taekwondo-rhoen.de\/?attachment_id=414'><img loading=\"lazy\" decoding=\"async\" width=\"150\" height=\"150\" src=\"https:\/\/www.taekwondo-rhoen.de\/wp-content\/uploads\/2018\/12\/wir_stellen_uns_vor_4-150x150.jpg\" class=\"attachment-thumbnail size-thumbnail\" alt=\"\" \/><\/a>\n\t\t\t<\/div><\/figure><figure class='gallery-item'>\n\t\t\t<div class='gallery-icon landscape'>\n\t\t\t\t<a href='https:\/\/www.taekwondo-rhoen.de\/?attachment_id=906'><img loading=\"lazy\" decoding=\"async\" width=\"150\" height=\"150\" src=\"https:\/\/www.taekwondo-rhoen.de\/wp-content\/uploads\/2024\/10\/02_Training-1-150x150.jpg\" class=\"attachment-thumbnail size-thumbnail\" alt=\"\" \/><\/a>\n\t\t\t<\/div><\/figure><figure class='gallery-item'>\n\t\t\t<div class='gallery-icon landscape'>\n\t\t\t\t<a href='https:\/\/www.taekwondo-rhoen.de\/?attachment_id=891'><img loading=\"lazy\" decoding=\"async\" width=\"150\" height=\"150\" src=\"https:\/\/www.taekwondo-rhoen.de\/wp-content\/uploads\/2024\/10\/08_Training-150x150.jpg\" class=\"attachment-thumbnail size-thumbnail\" alt=\"\" \/><\/a>\n\t\t\t<\/div><\/figure>\n\t\t<\/div>\n\n","protected":false},"excerpt":{"rendered":"<p>HERZLICH WILLKOMMEN beim Taekwondo Verein Rh\u00f6n-Grabfeld. Der Verein wurde 1989 gegr\u00fcndet und im September 1997 wurde die moderne Trainingshalle in Stockheim bezogen. Seither trainieren unsere Mitglieder in verschiedenen Altersgruppen zu unterschiedlichen Trainingszeiten an 3 Tagen in der Woche in unserer liebevoll eingerichteten Halle. Vier Trainer lehren mit viel Freude und Leidenschaft die vielseitige Sportart in [&hellip;]<\/p>\n","protected":false},"author":1,"featured_media":0,"parent":0,"menu_order":0,"comment_status":"closed","ping_status":"closed","template":"page-templates\/full-width.php","meta":{"jetpack_post_was_ever_published":false,"footnotes":""},"class_list":["post-2","page","type-page","status-publish","hentry"],"jetpack_sharing_enabled":true,"jetpack_shortlink":"https:\/\/wp.me\/P61475-2","_links":{"self":[{"href":"https:\/\/www.taekwondo-rhoen.de\/index.php?rest_route=\/wp\/v2\/pages\/2"}],"collection":[{"href":"https:\/\/www.taekwondo-rhoen.de\/index.php?rest_route=\/wp\/v2\/pages"}],"about":[{"href":"https:\/\/www.taekwondo-rhoen.de\/index.php?rest_route=\/wp\/v2\/types\/page"}],"author":[{"embeddable":true,"href":"https:\/\/www.taekwondo-rhoen.de\/index.php?rest_route=\/wp\/v2\/users\/1"}],"replies":[{"embeddable":true,"href":"https:\/\/www.taekwondo-rhoen.de\/index.php?rest_route=%2Fwp%2Fv2%2Fcomments&post=2"}],"version-history":[{"count":28,"href":"https:\/\/www.taekwondo-rhoen.de\/index.php?rest_route=\/wp\/v2\/pages\/2\/revisions"}],"predecessor-version":[{"id":908,"href":"https:\/\/www.taekwondo-rhoen.de\/index.php?rest_route=\/wp\/v2\/pages\/2\/revisions\/908"}],"wp:attachment":[{"href":"https:\/\/www.taekwondo-rhoen.de\/index.php?rest_route=%2Fwp%2Fv2%2Fmedia&parent=2"}],"curies":[{"name":"wp","href":"https:\/\/api.w.org\/{rel}","templated":true}]}}